{"id":133,"date":"2025-02-12T14:08:14","date_gmt":"2025-02-12T13:08:14","guid":{"rendered":"https:\/\/vrtecskofije.splet.arnes.si\/?page_id=133"},"modified":"2025-04-28T12:32:44","modified_gmt":"2025-04-28T10:32:44","slug":"dietna-prehrana","status":"publish","type":"page","link":"https:\/\/vrtec-skofije.si\/?page_id=133","title":{"rendered":"DIETNA PREHRANA"},"content":{"rendered":"<p>Po potrebi kuhinja pripravlja tudi dietno prehrano, vendar le, \u010de star\u0161i predlo\u017eijo potrdilo o medicinsko indicirani dieti (obrazec dobijo na spletu ali pri strokovnih delavkah) in navodila glede diete (pogovor z vodjo prehrane). Star\u0161i so dol\u017eni strokovno delavko obvestiti, ko otrok z dieto preneha ter v vrtec prinesti pisno potrdilo o ukinitvi diete.<\/p>\n<p><img loading=\"lazy\" decoding=\"async\" class=\"alignnone wp-image-413\" src=\"https:\/\/vrtec-skofije.si\/files\/2025\/02\/puscica.png\" alt=\"\" width=\"36\" height=\"11\">&nbsp; <a href=\"https:\/\/vrtec-skofije.si\/files\/2025\/02\/Potrdilo_o_medicinsko_indicirani_dieti.pdf\" target=\"_blank\" rel=\"noopener\">Potrdilo o medicinsko indicirani dieti<\/a><\/p>\n<p><img loading=\"lazy\" decoding=\"async\" class=\"alignnone wp-image-413\" src=\"https:\/\/vrtec-skofije.si\/files\/2025\/02\/puscica.png\" alt=\"\" width=\"36\" height=\"11\"> &nbsp;<a href=\"https:\/\/vrtec-skofije.si\/files\/2025\/02\/Potrdilo_o_ukinitvi_diete.pdf\" target=\"_blank\" rel=\"noopener\">Potrdilo o ukinitvi diete<\/a><\/p>\n<p><span style=\"color: #000080\">&#8211; &#8211; &#8211; &#8211; &#8211; &#8211; &#8211; &#8211; &#8211; &#8211; &#8211; &#8211; &#8211; &#8211; &#8211; &#8211; &#8211; &#8211; &#8211; &#8211; &#8211; &#8211; &#8211; &#8211; &#8211; &#8211; &#8211; &#8211; &#8211; &#8211; &#8211; &#8211; &#8211; &#8211; &#8211; &#8211; &#8211; &#8211; &#8211; &#8211; &#8211; &#8211; &#8211; &#8211; &#8211; &#8211; &#8211; &#8211; &#8211; &#8211; &#8211;<\/span><\/p>\n<p>Zdru\u017eenje za pediatrijo Slovenske zdravni\u0161ke zbornice je v dogovoru z Raz\u0161irjenim strokovnim kolegijem za pediatrijo pripravilo priporo\u010dila za izvajanje medicinsko indiciranih diet v okviru \u0161olske prehrane.<\/p>\n<p>Po veljavni medicinski doktrini potrdilo izda&nbsp;<u>izbrani zdravnik na primarni ravni ali specialist pediater<\/u>. Zdravnik splo\u0161ne medicine lahko izda potrdilo za obdobje najve\u010d pol leta, ki velja za \u010das do pridobitve potrdila zdravnika specialista.<\/p>\n<p>Potrdilo se izda ob za\u010detku diete in ob ukinitvi.<\/p>\n<p><em>Star\u0161e napro\u0161amo, da si obrazec, ki ga potrebujejo (prijava diete\/ukinitev diete) natisnejo ter prinesejo k izbranemu zdravniku, nato pa potrdilo dostavijo vodji \u0161olske prehrane.<\/em><\/p>\n<p>&nbsp;<\/p>\n","protected":false},"excerpt":{"rendered":"<p>Po potrebi kuhinja pripravlja tudi dietno prehrano, vendar le, \u010de star\u0161i predlo\u017eijo potrdilo o medicinsko indicirani dieti (obrazec dobijo na spletu ali pri strokovnih delavkah) in navodila glede diete (pogovor [&hellip;]<\/p>\n","protected":false},"author":58769,"featured_media":0,"parent":0,"menu_order":0,"comment_status":"closed","ping_status":"closed","template":"","meta":{"ngg_post_thumbnail":0,"footnotes":""},"class_list":["post-133","page","type-page","status-publish","hentry"],"_links":{"self":[{"href":"https:\/\/vrtec-skofije.si\/index.php?rest_route=\/wp\/v2\/pages\/133","targetHints":{"allow":["GET"]}}],"collection":[{"href":"https:\/\/vrtec-skofije.si\/index.php?rest_route=\/wp\/v2\/pages"}],"about":[{"href":"https:\/\/vrtec-skofije.si\/index.php?rest_route=\/wp\/v2\/types\/page"}],"author":[{"embeddable":true,"href":"https:\/\/vrtec-skofije.si\/index.php?rest_route=\/wp\/v2\/users\/58769"}],"replies":[{"embeddable":true,"href":"https:\/\/vrtec-skofije.si\/index.php?rest_route=%2Fwp%2Fv2%2Fcomments&post=133"}],"version-history":[{"count":9,"href":"https:\/\/vrtec-skofije.si\/index.php?rest_route=\/wp\/v2\/pages\/133\/revisions"}],"predecessor-version":[{"id":702,"href":"https:\/\/vrtec-skofije.si\/index.php?rest_route=\/wp\/v2\/pages\/133\/revisions\/702"}],"wp:attachment":[{"href":"https:\/\/vrtec-skofije.si\/index.php?rest_route=%2Fwp%2Fv2%2Fmedia&parent=133"}],"curies":[{"name":"wp","href":"https:\/\/api.w.org\/{rel}","templated":true}]}}