{"id":238,"date":"2025-10-15T11:09:18","date_gmt":"2025-10-15T09:09:18","guid":{"rendered":"https:\/\/vrtecskofije.splet.arnes.si\/?page_id=238"},"modified":"2025-10-16T20:52:52","modified_gmt":"2025-10-16T18:52:52","slug":"skupine","status":"publish","type":"page","link":"https:\/\/vrtec-skofije.si\/?page_id=238","title":{"rendered":"Kontakti skupin"},"content":{"rendered":"<p><strong>Telefonske \u0161tevilke:<\/strong><\/p>\n<p><strong><img loading=\"lazy\" decoding=\"async\" class=\" wp-image-649 alignleft\" src=\"https:\/\/vrtec-skofije.si\/files\/2025\/04\/svpolzi.png\" alt=\"\" width=\"65\" height=\"70\">Pol\u017ei: 040 490 510<\/strong><br \/>\nVzgojiteljica: Katja Pohlen<br \/>\nPomo\u010dnica vzgojiteljice: Tja\u0161a Bu\u017ean<\/p>\n<p><strong><img loading=\"lazy\" decoding=\"async\" class=\"wp-image-650 alignleft\" src=\"https:\/\/vrtec-skofije.si\/files\/2025\/04\/svcebela.png\" alt=\"\" width=\"70\" height=\"60\">\u010cebele: 041 493 606<\/strong><br \/>\nVzgojiteljica: Petra Ora\u017eem<br \/>\nPomo\u010dnica vzgojiteljice: Sara Stani\u0107&nbsp; &nbsp;<\/p>\n<p><strong><img loading=\"lazy\" decoding=\"async\" class=\" wp-image-651 alignleft\" src=\"https:\/\/vrtec-skofije.si\/files\/2025\/04\/svpike.png\" alt=\"\" width=\"70\" height=\"62\">Pikapolonice: 040 490 509<\/strong><br \/>\nVzgojiteljica: Belma Mutnica&nbsp;&nbsp;<br \/>\nPomo\u010dnica vzgojiteljice: Monika Jerman<\/p>\n<p><strong><img loading=\"lazy\" decoding=\"async\" class=\"wp-image-652 alignleft\" src=\"https:\/\/vrtec-skofije.si\/files\/2025\/04\/svmetulj.png\" alt=\"\" width=\"70\" height=\"63\">Metulji: 041 493 550<\/strong><br \/>\nVzgojiteljica: Anja Rojc<br \/>\nPomo\u010dnica vzgojiteljice: Dijana Ravnikar<\/p>\n<p><strong><img loading=\"lazy\" decoding=\"async\" class=\" wp-image-654 alignleft\" src=\"https:\/\/vrtec-skofije.si\/files\/2025\/04\/svzabe.png\" alt=\"\" width=\"70\" height=\"56\">\u017dabe: 040 490 574<\/strong><br \/>\nVzgojiteljica: Sanja Bala\u017eic&nbsp;<br \/>\nPomo\u010dnica vzgojiteljice: Dijana Tom\u0161e Mari\u0107<\/p>\n<p><strong><img loading=\"lazy\" decoding=\"async\" class=\" wp-image-653 alignleft\" src=\"https:\/\/vrtec-skofije.si\/files\/2025\/04\/svribe.png\" alt=\"\" width=\"70\" height=\"53\"><\/strong><strong>Ribe: 041 493 571<\/strong><br \/>\nVzgojiteljica: Tatjana Klobas<br \/>\nPomo\u010dnica vzgojiteljice: Ana Vilhar&nbsp; &nbsp;<\/p>\n<p><strong><img loading=\"lazy\" decoding=\"async\" class=\"alignleft wp-image-655\" src=\"https:\/\/vrtec-skofije.si\/files\/2025\/04\/svmravlje.png\" alt=\"\" width=\"70\" height=\"67\">Mravlje: 040 490 572<\/strong><br \/>\nVzgojiteljica: Leonida Po\u010dkaj<br \/>\nPomo\u010dnica vzgojiteljice: Admira Ba\u0161i\u0107<\/p>\n<p><strong><img loading=\"lazy\" decoding=\"async\" class=\"wp-image-656 alignleft\" src=\"https:\/\/vrtec-skofije.si\/files\/2025\/04\/svsove.png\" alt=\"\" width=\"69\" height=\"76\">Sove: 041 640 302<\/strong><br \/>\nVzgojiteljica: Sonja Ferfolja<br \/>\nPomo\u010dnica vzgojiteljice: Almira Cunja&nbsp;<\/p>\n<p>&nbsp;<\/p>\n<hr>\n<p><strong>Elektronski naslov vrtca:<\/strong>&nbsp;<a href=\"mailto:o-okskofije.kp@guest.arnes.si\">o-okskofije.kp@guest.arnes.si<\/a><\/p>\n","protected":false},"excerpt":{"rendered":"<p>Telefonske \u0161tevilke: Pol\u017ei: 040 490 510 Vzgojiteljica: Katja Pohlen Pomo\u010dnica vzgojiteljice: Tja\u0161a Bu\u017ean \u010cebele: 041 493 606 Vzgojiteljica: Petra Ora\u017eem Pomo\u010dnica vzgojiteljice: Sara Stani\u0107&nbsp; &nbsp; Pikapolonice: 040 490 509 Vzgojiteljica: [&hellip;]<\/p>\n","protected":false},"author":58769,"featured_media":0,"parent":0,"menu_order":0,"comment_status":"closed","ping_status":"closed","template":"","meta":{"ngg_post_thumbnail":0,"footnotes":""},"class_list":["post-238","page","type-page","status-publish","hentry"],"_links":{"self":[{"href":"https:\/\/vrtec-skofije.si\/index.php?rest_route=\/wp\/v2\/pages\/238","targetHints":{"allow":["GET"]}}],"collection":[{"href":"https:\/\/vrtec-skofije.si\/index.php?rest_route=\/wp\/v2\/pages"}],"about":[{"href":"https:\/\/vrtec-skofije.si\/index.php?rest_route=\/wp\/v2\/types\/page"}],"author":[{"embeddable":true,"href":"https:\/\/vrtec-skofije.si\/index.php?rest_route=\/wp\/v2\/users\/58769"}],"replies":[{"embeddable":true,"href":"https:\/\/vrtec-skofije.si\/index.php?rest_route=%2Fwp%2Fv2%2Fcomments&post=238"}],"version-history":[{"count":15,"href":"https:\/\/vrtec-skofije.si\/index.php?rest_route=\/wp\/v2\/pages\/238\/revisions"}],"predecessor-version":[{"id":1005,"href":"https:\/\/vrtec-skofije.si\/index.php?rest_route=\/wp\/v2\/pages\/238\/revisions\/1005"}],"wp:attachment":[{"href":"https:\/\/vrtec-skofije.si\/index.php?rest_route=%2Fwp%2Fv2%2Fmedia&parent=238"}],"curies":[{"name":"wp","href":"https:\/\/api.w.org\/{rel}","templated":true}]}}