{"id":276,"date":"2024-09-15T13:14:59","date_gmt":"2024-09-15T11:14:59","guid":{"rendered":"https:\/\/vrtecskofije.splet.arnes.si\/?page_id=276"},"modified":"2025-10-16T20:38:50","modified_gmt":"2025-10-16T18:38:50","slug":"program-in-cena","status":"publish","type":"page","link":"https:\/\/vrtec-skofije.si\/?page_id=276","title":{"rendered":"Program in cena"},"content":{"rendered":"<p><strong>Star\u0161i lahko izbirate med<\/strong><\/p>\n<p>\u21d2 poldnevnim vzgojnim programom, ki traja od 4 \u2013 6 ur in vklju\u010duje tri obroke; namenjen je otrokom od 1. leta starosti do vstopa v \u0161olo. Izvaja se v dopoldanskem \u010dasu. Vrtec bo izvajal poldnevni program v \u017ee formiranih oddelkih, kjer bo tovrstna potreba izra\u017eena.<\/p>\n<p>\u21d2 celodnevnim programom, ki traja od 6 \u2013 9 ur; namenjen je otrokom od 1. leta starosti do vstopa v \u0161olo. Obsega vzgojo, varstvo in prehrano otrok. Izvaja se v dopoldanskem in popoldanskem \u010dasu, ter v skladu s cilji in na\u010deli uresni\u010devanja ciljev Kurikuluma za vrtce, s posebnim poudarkom na pestri in raznovrstnej\u0161i ponudbi na vseh podro\u010djih dejavnosti pred\u0161olske vzgoje v vrtcu.<\/p>\n<p><img loading=\"lazy\" decoding=\"async\" class=\"wp-image-431 alignleft\" src=\"https:\/\/vrtec-skofije.si\/files\/2025\/02\/info-pr.png\" alt=\"\" width=\"36\" height=\"30\"><\/p>\n<p><a href=\"https:\/\/vrtec-skofije.si\/files\/2025\/10\/06-Sklep-dolocitev-cen-programov-predsolske-vzgoje-v-javnih-vrtcih-MOK-2025-razglas-slo-ita-1.pdf\" target=\"_blank\" rel=\"noopener\"><strong>Sklep o dolo\u010ditvi cen programov \u2013 pred\u0161olska vzgoja 2025<\/strong><\/a><\/p>\n<p><img loading=\"lazy\" decoding=\"async\" class=\"size-medium wp-image-121 aligncenter\" src=\"https:\/\/vrtec-skofije.si\/files\/2025\/02\/cropped-otroci1-300x300.png\" alt=\"\" width=\"300\" height=\"300\" srcset=\"https:\/\/vrtec-skofije.si\/files\/2025\/02\/cropped-otroci1-300x300.png 300w, https:\/\/vrtec-skofije.si\/files\/2025\/02\/cropped-otroci1-150x150.png 150w, https:\/\/vrtec-skofije.si\/files\/2025\/02\/cropped-otroci1-270x270.png 270w, https:\/\/vrtec-skofije.si\/files\/2025\/02\/cropped-otroci1-192x192.png 192w, https:\/\/vrtec-skofije.si\/files\/2025\/02\/cropped-otroci1-180x180.png 180w, https:\/\/vrtec-skofije.si\/files\/2025\/02\/cropped-otroci1-32x32.png 32w, https:\/\/vrtec-skofije.si\/files\/2025\/02\/cropped-otroci1.png 512w\" sizes=\"auto, (max-width: 300px) 100vw, 300px\" \/><\/p>\n","protected":false},"excerpt":{"rendered":"<p>Star\u0161i lahko izbirate med \u21d2 poldnevnim vzgojnim programom, ki traja od 4 \u2013 6 ur in vklju\u010duje tri obroke; namenjen je otrokom od 1. leta starosti do vstopa v \u0161olo. [&hellip;]<\/p>\n","protected":false},"author":58769,"featured_media":0,"parent":0,"menu_order":0,"comment_status":"closed","ping_status":"closed","template":"","meta":{"ngg_post_thumbnail":0,"footnotes":""},"class_list":["post-276","page","type-page","status-publish","hentry"],"_links":{"self":[{"href":"https:\/\/vrtec-skofije.si\/index.php?rest_route=\/wp\/v2\/pages\/276","targetHints":{"allow":["GET"]}}],"collection":[{"href":"https:\/\/vrtec-skofije.si\/index.php?rest_route=\/wp\/v2\/pages"}],"about":[{"href":"https:\/\/vrtec-skofije.si\/index.php?rest_route=\/wp\/v2\/types\/page"}],"author":[{"embeddable":true,"href":"https:\/\/vrtec-skofije.si\/index.php?rest_route=\/wp\/v2\/users\/58769"}],"replies":[{"embeddable":true,"href":"https:\/\/vrtec-skofije.si\/index.php?rest_route=%2Fwp%2Fv2%2Fcomments&post=276"}],"version-history":[{"count":9,"href":"https:\/\/vrtec-skofije.si\/index.php?rest_route=\/wp\/v2\/pages\/276\/revisions"}],"predecessor-version":[{"id":1003,"href":"https:\/\/vrtec-skofije.si\/index.php?rest_route=\/wp\/v2\/pages\/276\/revisions\/1003"}],"wp:attachment":[{"href":"https:\/\/vrtec-skofije.si\/index.php?rest_route=%2Fwp%2Fv2%2Fmedia&parent=276"}],"curies":[{"name":"wp","href":"https:\/\/api.w.org\/{rel}","templated":true}]}}