{"id":432,"date":"2025-02-15T12:00:26","date_gmt":"2025-02-15T11:00:26","guid":{"rendered":"https:\/\/vrtecskofije.splet.arnes.si\/?page_id=432"},"modified":"2026-01-15T12:09:32","modified_gmt":"2026-01-15T11:09:32","slug":"vpis-izpis-rezervacije","status":"publish","type":"page","link":"https:\/\/vrtec-skofije.si\/?page_id=432","title":{"rendered":"VPIS, IZPIS, REZERVACIJE"},"content":{"rendered":"<h4><strong>VKLJU\u010cEVANJE&nbsp;OTROKA V VRTEC IN PLA\u010cILO OBVEZNOSTI<\/strong><\/h4>\n<ul>\n<li><strong>VPIS in IZPIS:<\/strong> V tajni\u0161tvu \u0161ole ali\/in na internetni strani dobite obrazec za sprejem otroka v vrtec. Izpolnjeno vlogo prinesete osebno. Mo\u017ena je oddaja tudi v elektronski obliki, na portalu <a href=\"https:\/\/e-uprava.gov.si\/si\/podrocja\/vloge\/vloga.html?id=8165&amp;lang=si\" target=\"_blank\" rel=\"noopener\" data-saferedirecturl=\"https:\/\/www.google.com\/url?q=https:\/\/e-uprava.gov.si\/si\/podrocja\/vloge\/vloga.html?id%3D8165%26lang%3Dsi&amp;source=gmail&amp;ust=1768557055011000&amp;usg=AOvVaw0Ylno4PoM1DsaIDa9oQFNB\">eUprava &#8211; Vloga<\/a>. Oddaja po elektronski po\u0161ti ni mo\u017ena. Obrazec za izpis dobite le v tajni\u0161tvu. Otroka lahko izpi\u0161ete iz vrtca najkasneje do <strong>15. v mesecu za naslednji mesec. \u010ce rok zamudite, &nbsp;je izpis mogo\u010d \u0161ele z naslednjim mesecem.<\/strong><\/li>\n<li>Komisija, ki jo imenuje Urad za dru\u017ebene dejavnosti MOK, se predvidoma sestane v maju teko\u010dega \u0161olskega leta. O sprejemu otrok boste star\u0161i pisno obve\u0161\u010deni.<\/li>\n<li><strong>Pla\u010dilo star\u0161ev<\/strong> se obra\u010duna na podlagi lestvice, ki star\u0161e razvr\u0161\u010da v razrede, upo\u0161tevajo\u010d dohodek na dru\u017einskega \u010dlana, v primerjavi s povpre\u010dno pla\u010do na zaposlenega v Republiki Sloveniji in premo\u017eenje.<\/li>\n<\/ul>\n<ul>\n<li>\u010ce \u017eelite uveljavljati <strong>zni\u017eano pla\u010dilo<\/strong> programa, morate podati vlogo za zni\u017eano pla\u010dilo, ki &nbsp;se praviloma vlo\u017ei enkrat letno na mati\u010dni CSD <strong><em>. <\/em><\/strong><\/li>\n<\/ul>\n<p><strong>V kolikor rok zamudite, boste morali pla\u010dati celotno oskrbnino.<\/strong><\/p>\n<ul>\n<li>V koledarskem letu lahko koristite enkratno neprekinjeno enomese\u010dno odsotnost otroka. Takrat star\u0161i prispevate k ceni programa 50% dele\u017e.<\/li>\n<li>Star\u0161i, ki \u017eelite spremembo programa (celodnevni oz. poldnevni), lahko to storite vsakega 1. v mesecu. Obrazec dobite v tajni\u0161tvu \u0161ole. Prosimo, da spremembo najavite&nbsp; vsaj en teden prej.<\/li>\n<li><strong>Ko je otrok vklju\u010den v poldnevni program (do 6 ur), ostaja pa v vrtcu ve\u010d kot 6 ur, Vam obra\u010dunamo ceno celodnevnega programa (enkrat lahko spregledamo, ve\u010dkrat pa ne).<\/strong><\/li>\n<li>\u010ce odsotnost otroka javite<strong> do 8.<\/strong> <strong>ure zjutraj, Vam stro\u0161ke prehrane lahko odbijemo, sicer pa ne!<\/strong> Telefonske \u0161tevilke, na katere lahko odjavite otroka in drugi kontakti, so napisani na koncu publikacije.<\/li>\n<\/ul>\n","protected":false},"excerpt":{"rendered":"<p>VKLJU\u010cEVANJE&nbsp;OTROKA V VRTEC IN PLA\u010cILO OBVEZNOSTI VPIS in IZPIS: V tajni\u0161tvu \u0161ole ali\/in na internetni strani dobite obrazec za sprejem otroka v vrtec. Izpolnjeno vlogo prinesete osebno. Mo\u017ena je oddaja [&hellip;]<\/p>\n","protected":false},"author":58769,"featured_media":0,"parent":0,"menu_order":0,"comment_status":"closed","ping_status":"closed","template":"","meta":{"ngg_post_thumbnail":0,"footnotes":""},"class_list":["post-432","page","type-page","status-publish","hentry"],"_links":{"self":[{"href":"https:\/\/vrtec-skofije.si\/index.php?rest_route=\/wp\/v2\/pages\/432","targetHints":{"allow":["GET"]}}],"collection":[{"href":"https:\/\/vrtec-skofije.si\/index.php?rest_route=\/wp\/v2\/pages"}],"about":[{"href":"https:\/\/vrtec-skofije.si\/index.php?rest_route=\/wp\/v2\/types\/page"}],"author":[{"embeddable":true,"href":"https:\/\/vrtec-skofije.si\/index.php?rest_route=\/wp\/v2\/users\/58769"}],"replies":[{"embeddable":true,"href":"https:\/\/vrtec-skofije.si\/index.php?rest_route=%2Fwp%2Fv2%2Fcomments&post=432"}],"version-history":[{"count":5,"href":"https:\/\/vrtec-skofije.si\/index.php?rest_route=\/wp\/v2\/pages\/432\/revisions"}],"predecessor-version":[{"id":1461,"href":"https:\/\/vrtec-skofije.si\/index.php?rest_route=\/wp\/v2\/pages\/432\/revisions\/1461"}],"wp:attachment":[{"href":"https:\/\/vrtec-skofije.si\/index.php?rest_route=%2Fwp%2Fv2%2Fmedia&parent=432"}],"curies":[{"name":"wp","href":"https:\/\/api.w.org\/{rel}","templated":true}]}}