{"id":436,"date":"2025-02-15T19:52:08","date_gmt":"2025-02-15T18:52:08","guid":{"rendered":"https:\/\/vrtecskofije.splet.arnes.si\/?page_id=436"},"modified":"2026-03-30T23:28:38","modified_gmt":"2026-03-30T21:28:38","slug":"sodelovanje-s-starsi","status":"publish","type":"page","link":"https:\/\/vrtec-skofije.si\/?page_id=436","title":{"rendered":"Sodelovanje s star\u0161i"},"content":{"rendered":"<p>Sodelovanje med vrtcem in star\u0161i je pomemben vidik kakovosti pred\u0161olske vzgoje, saj prav to sodelovanje veliko prispeva k ustreznemu dopolnjevanju dru\u017einske in institucionalne vzgoje.<\/p>\n<p>Oblike sodelovanja:<\/p>\n<ul>\n<li>uvodni informativni sestanek s predavanjem za star\u0161e otrok, ki prvi\u010d vpisujejo otroka v vrtec;&nbsp;<\/li>\n<li>razgovori s star\u0161i otrok novincev (pred vklju\u010ditvijo otroka v vrtec);&nbsp;<\/li>\n<li>dobrodo\u0161lica (prvi obisk otroka s star\u0161i v vrtcu);&nbsp;<\/li>\n<li>pogovorne ure (enkrat mese\u010dno oz. po dogovoru);&nbsp;<\/li>\n<li>razli\u010dna strokovna gradiva in \u010dlanki posredovani v e-obliki;&nbsp;<\/li>\n<li>predavanja za star\u0161e in \u0161ola za star\u0161e (po dogovoru);&nbsp;<\/li>\n<li>izobra\u017eevalne delavnice za star\u0161e.<\/li>\n<\/ul>\n<p><strong>Na\u010dini komunikacije:<\/strong><\/p>\n<ol>\n<li><strong>E-asistent za star\u0161e<\/strong> \u2013 Star\u0161i lahko sporo\u010date odsotnost otroka v vrtcu ali po\u0161ljete preko eAsistent-a<\/li>\n<li><strong>Vsakodnevna izmenjava informacij <\/strong>(ob prihodu in odhodu otrok).<\/li>\n<li><strong>Popoldanske pogovorne ure<\/strong> &#8211; enkrat mese\u010dno oz. po dogovoru<\/li>\n<li><strong>Telefonski klic <\/strong>\u2013 Poslu\u017eite se ga samo v nujnih primerih.<\/li>\n<li><strong>Oglasna deska <\/strong>(pisna obvestila za star\u0161e \u2013 pred mati\u010dnimi oddelki).<\/li>\n<\/ol>\n<hr>\n<p>Pogovorne ure bodo potekale po razporedu od 16.00 do 17.00 ure, po predhodnem dogovoru z vzgojiteljicami.&nbsp;<\/p>\n<ul>\n<li>POL\u017dI \u2013 drugi torek v mesecu&nbsp;<\/li>\n<li>\u010cEBELE \u2013 drugi torek v mesecu&nbsp;<\/li>\n<li>PIKAPOLONICE \u2013 prvi ponedeljek v mesecu<\/li>\n<li>METULJI \u2013 prvi ponedeljek v mesecu<\/li>\n<li>\u017dABE \u2013 prvi torek v mesecu&nbsp;<\/li>\n<li>RIBE \u2013 prvi \u010detrtek v mesecu&nbsp;<\/li>\n<li>MRAVLJE \u2013 prvi torek v mesecu<\/li>\n<li>SOVE \u2013 prvi torek v mesecu<\/li>\n<\/ul>\n","protected":false},"excerpt":{"rendered":"<p>Sodelovanje med vrtcem in star\u0161i je pomemben vidik kakovosti pred\u0161olske vzgoje, saj prav to sodelovanje veliko prispeva k ustreznemu dopolnjevanju dru\u017einske in institucionalne vzgoje. Oblike sodelovanja: uvodni informativni sestanek s [&hellip;]<\/p>\n","protected":false},"author":58769,"featured_media":0,"parent":0,"menu_order":0,"comment_status":"closed","ping_status":"closed","template":"","meta":{"ngg_post_thumbnail":0,"footnotes":""},"class_list":["post-436","page","type-page","status-publish","hentry"],"_links":{"self":[{"href":"https:\/\/vrtec-skofije.si\/index.php?rest_route=\/wp\/v2\/pages\/436","targetHints":{"allow":["GET"]}}],"collection":[{"href":"https:\/\/vrtec-skofije.si\/index.php?rest_route=\/wp\/v2\/pages"}],"about":[{"href":"https:\/\/vrtec-skofije.si\/index.php?rest_route=\/wp\/v2\/types\/page"}],"author":[{"embeddable":true,"href":"https:\/\/vrtec-skofije.si\/index.php?rest_route=\/wp\/v2\/users\/58769"}],"replies":[{"embeddable":true,"href":"https:\/\/vrtec-skofije.si\/index.php?rest_route=%2Fwp%2Fv2%2Fcomments&post=436"}],"version-history":[{"count":6,"href":"https:\/\/vrtec-skofije.si\/index.php?rest_route=\/wp\/v2\/pages\/436\/revisions"}],"predecessor-version":[{"id":1548,"href":"https:\/\/vrtec-skofije.si\/index.php?rest_route=\/wp\/v2\/pages\/436\/revisions\/1548"}],"wp:attachment":[{"href":"https:\/\/vrtec-skofije.si\/index.php?rest_route=%2Fwp%2Fv2%2Fmedia&parent=436"}],"curies":[{"name":"wp","href":"https:\/\/api.w.org\/{rel}","templated":true}]}}