{"id":523,"date":"2025-02-15T22:38:50","date_gmt":"2025-02-15T21:38:50","guid":{"rendered":"https:\/\/vrtecskofije.splet.arnes.si\/?page_id=523"},"modified":"2025-02-15T22:39:20","modified_gmt":"2025-02-15T21:39:20","slug":"523-2","status":"publish","type":"page","link":"https:\/\/vrtec-skofije.si\/?page_id=523","title":{"rendered":"Obogatitveni program"},"content":{"rendered":"<p style=\"text-align: justify\">Obogatitveni program zajema vsebine in dejavnosti, ki jih vrtec izvaja ob\u010dasno, dalj\u0161i ali kraj\u0161i \u010das, odvisno od izvedbenega Kurikuluma vrtca, interesa otrok in \u017eelja star\u0161ev. Na\u010drtujejo in izvajajo jih strokovni delavci vrtca, v \u010dasu predpisane delovne obveznosti vzgojiteljev in vzgojiteljev pred\u0161olskih otrok &#8211; pomo\u010dnikov vzgojiteljev.<\/p>\n<p style=\"text-align: justify\">Da bi dosegli visoko kakovostne rezultate, vrtec ob\u010dasno kot strokovno pomo\u010d pri vodenju dejavnosti ali projektov vklju\u010duje v na\u010drtovanje, izvajanje in evalvacijo tudi zunanje strokovnjake oz. izvajalce. Izvajajo se v okviru posameznega dne v obliki delavnic, obiskov predstav, knji\u017enic, muzejev, prireditev. Odvijajo se v notranjih in zunanjih prostorih, pogosto tudi izven (v gozdu, kraju, v Kopru, bazenu ali drugod). Pri izvajanju obogatitvenega programa nastanejo ob\u010dasno dodatni stro\u0161ki kot npr. prevoz, vstopnine ipd.<br \/>\nObogatitveno dejavnost na\u010drtuje vzgojitelj v svojem letnem delovnem na\u010drtu, ki ga predstavi star\u0161em na roditeljskem sestanku ob za\u010detku \u0161olskega leta. \u010ce\/ko od star\u0161ev dobi soglasje, da se z predlogom obogatitvenih dejavnostjo strinjajo, so star\u0161i tudi pla\u010dniki le-teh (stro\u0161ki obra\u010dunani na mese\u010dni polo\u017enici poleg rednega programa).<\/p>\n<p style=\"text-align: justify\">Glede na izkazan interes otrok se lahko letni delovni na\u010drt oddelka po potrebi tudi med letom dopolni, spremeni.<br \/>\nDolo\u010dene dejavnosti obogatitvenega programa MOK dodatno sofinancira.<\/p>\n<p><img loading=\"lazy\" decoding=\"async\" class=\"alignnone wp-image-525 size-full\" src=\"https:\/\/vrtec-skofije.si\/files\/2025\/02\/obogatitveni-program-vposoks.png\" alt=\"\" width=\"1103\" height=\"716\" srcset=\"https:\/\/vrtec-skofije.si\/files\/2025\/02\/obogatitveni-program-vposoks.png 1103w, https:\/\/vrtec-skofije.si\/files\/2025\/02\/obogatitveni-program-vposoks-300x195.png 300w, https:\/\/vrtec-skofije.si\/files\/2025\/02\/obogatitveni-program-vposoks-1024x665.png 1024w, https:\/\/vrtec-skofije.si\/files\/2025\/02\/obogatitveni-program-vposoks-768x499.png 768w, https:\/\/vrtec-skofije.si\/files\/2025\/02\/obogatitveni-program-vposoks-947x615.png 947w, https:\/\/vrtec-skofije.si\/files\/2025\/02\/obogatitveni-program-vposoks-624x405.png 624w, https:\/\/vrtec-skofije.si\/files\/2025\/02\/obogatitveni-program-vposoks-84x56.png 84w\" sizes=\"auto, (max-width: 1103px) 100vw, 1103px\" \/><\/p>\n<p><img loading=\"lazy\" decoding=\"async\" class=\"alignnone wp-image-526 size-full\" src=\"https:\/\/vrtec-skofije.si\/files\/2025\/02\/obog_prog_24.png\" alt=\"\" width=\"985\" height=\"631\" srcset=\"https:\/\/vrtec-skofije.si\/files\/2025\/02\/obog_prog_24.png 985w, https:\/\/vrtec-skofije.si\/files\/2025\/02\/obog_prog_24-300x192.png 300w, https:\/\/vrtec-skofije.si\/files\/2025\/02\/obog_prog_24-768x492.png 768w, https:\/\/vrtec-skofije.si\/files\/2025\/02\/obog_prog_24-947x607.png 947w, https:\/\/vrtec-skofije.si\/files\/2025\/02\/obog_prog_24-624x400.png 624w\" sizes=\"auto, (max-width: 985px) 100vw, 985px\" \/><br \/>\n<img loading=\"lazy\" decoding=\"async\" class=\"alignnone wp-image-527 size-full\" src=\"https:\/\/vrtec-skofije.si\/files\/2025\/02\/obog_prog_25.png\" alt=\"\" width=\"982\" height=\"735\" srcset=\"https:\/\/vrtec-skofije.si\/files\/2025\/02\/obog_prog_25.png 982w, https:\/\/vrtec-skofije.si\/files\/2025\/02\/obog_prog_25-300x225.png 300w, https:\/\/vrtec-skofije.si\/files\/2025\/02\/obog_prog_25-768x575.png 768w, https:\/\/vrtec-skofije.si\/files\/2025\/02\/obog_prog_25-947x709.png 947w, https:\/\/vrtec-skofije.si\/files\/2025\/02\/obog_prog_25-624x467.png 624w\" sizes=\"auto, (max-width: 982px) 100vw, 982px\" \/><\/p>\n","protected":false},"excerpt":{"rendered":"<p>Obogatitveni program zajema vsebine in dejavnosti, ki jih vrtec izvaja ob\u010dasno, dalj\u0161i ali kraj\u0161i \u010das, odvisno od izvedbenega Kurikuluma vrtca, interesa otrok in \u017eelja star\u0161ev. Na\u010drtujejo in izvajajo jih strokovni [&hellip;]<\/p>\n","protected":false},"author":58769,"featured_media":0,"parent":0,"menu_order":0,"comment_status":"closed","ping_status":"closed","template":"","meta":{"ngg_post_thumbnail":0,"footnotes":""},"class_list":["post-523","page","type-page","status-publish","hentry"],"_links":{"self":[{"href":"https:\/\/vrtec-skofije.si\/index.php?rest_route=\/wp\/v2\/pages\/523","targetHints":{"allow":["GET"]}}],"collection":[{"href":"https:\/\/vrtec-skofije.si\/index.php?rest_route=\/wp\/v2\/pages"}],"about":[{"href":"https:\/\/vrtec-skofije.si\/index.php?rest_route=\/wp\/v2\/types\/page"}],"author":[{"embeddable":true,"href":"https:\/\/vrtec-skofije.si\/index.php?rest_route=\/wp\/v2\/users\/58769"}],"replies":[{"embeddable":true,"href":"https:\/\/vrtec-skofije.si\/index.php?rest_route=%2Fwp%2Fv2%2Fcomments&post=523"}],"version-history":[{"count":2,"href":"https:\/\/vrtec-skofije.si\/index.php?rest_route=\/wp\/v2\/pages\/523\/revisions"}],"predecessor-version":[{"id":529,"href":"https:\/\/vrtec-skofije.si\/index.php?rest_route=\/wp\/v2\/pages\/523\/revisions\/529"}],"wp:attachment":[{"href":"https:\/\/vrtec-skofije.si\/index.php?rest_route=%2Fwp%2Fv2%2Fmedia&parent=523"}],"curies":[{"name":"wp","href":"https:\/\/api.w.org\/{rel}","templated":true}]}}